{"id":6,"date":"2018-11-27T09:17:28","date_gmt":"2018-11-27T09:17:28","guid":{"rendered":"http:\/\/dnmenage.ca\/services\/"},"modified":"2022-06-14T20:42:27","modified_gmt":"2022-06-14T20:42:27","slug":"services","status":"publish","type":"page","link":"https:\/\/dnmenage.ca\/en\/services\/","title":{"rendered":"Services"},"content":{"rendered":"<div data-elementor-type=\"wp-post\" data-elementor-id=\"6\" class=\"elementor elementor-6\">\n\t\t\t\t\t\t<section class=\"elementor-section elementor-top-section elementor-element elementor-element-735d1d7 elementor-section-content-top elementor-section-boxed elementor-section-height-default elementor-section-height-default\" data-id=\"735d1d7\" data-element_type=\"section\" data-settings=\"{&quot;background_background&quot;:&quot;classic&quot;}\">\n\t\t\t\t\t\t\t<div class=\"elementor-background-overlay\"><\/div>\n\t\t\t\t\t\t\t<div class=\"elementor-container elementor-column-gap-no\">\n\t\t\t\t\t<div class=\"elementor-column elementor-col-100 elementor-top-column elementor-element elementor-element-20511be\" data-id=\"20511be\" data-element_type=\"column\">\n\t\t\t<div class=\"elementor-widget-wrap elementor-element-populated\">\n\t\t\t\t\t\t<div class=\"elementor-element elementor-element-59d51a1 elementor-widget elementor-widget-heading\" data-id=\"59d51a1\" data-element_type=\"widget\" data-widget_type=\"heading.default\">\n\t\t\t\t<div class=\"elementor-widget-container\">\n\t\t\t\t\t<h2 class=\"elementor-heading-title elementor-size-default\">OUR SERVICES<\/h2>\t\t\t\t<\/div>\n\t\t\t\t<\/div>\n\t\t\t\t<div class=\"elementor-element elementor-element-8e657de elementor-widget elementor-widget-text-editor\" data-id=\"8e657de\" data-element_type=\"widget\" data-widget_type=\"text-editor.default\">\n\t\t\t\t<div class=\"elementor-widget-container\">\n\t\t\t\t\t\t\t\t\t<div id=\"panel-18-0-0-0\" class=\"so-panel widget widget_sow-editor panel-first-child\" data-index=\"0\"><div class=\"so-widget-sow-editor so-widget-sow-editor-base\"><div class=\"siteorigin-widget-tinymce textwidget\"><div class=\"c-page-headline\"><div class=\"wrapper\"><div class=\"container\"><div id=\"post-196\" class=\"promotions-box\" data-sr-id=\"3\"><div class=\"content\"><p>DN-M\u00e9nage is proud to offer you one of the most comprehensive home cleaning services. Our teams take care of the cleanliness of your house or your condo from the bathrooms to the kitchen so that your only concern is to take full advantage of your living space.<\/p><\/div><\/div><\/div><\/div><\/div><\/div><\/div><\/div>\t\t\t\t\t\t\t\t<\/div>\n\t\t\t\t<\/div>\n\t\t\t\t\t<\/div>\n\t\t<\/div>\n\t\t\t\t\t<\/div>\n\t\t<\/section>\n\t\t\t\t<section class=\"elementor-section elementor-top-section elementor-element elementor-element-cwwkv7a elementor-section-content-middle elementor-reverse-mobile elementor-section-boxed elementor-section-height-default elementor-section-height-default\" data-id=\"cwwkv7a\" data-element_type=\"section\" data-settings=\"{&quot;background_background&quot;:&quot;classic&quot;}\">\n\t\t\t\t\t\t\t<div class=\"elementor-background-overlay\"><\/div>\n\t\t\t\t\t\t\t<div class=\"elementor-container elementor-column-gap-no\">\n\t\t\t\t\t<div class=\"elementor-column elementor-col-50 elementor-top-column elementor-element elementor-element-0c36485\" data-id=\"0c36485\" data-element_type=\"column\">\n\t\t\t<div class=\"elementor-widget-wrap elementor-element-populated\">\n\t\t\t\t\t\t<div class=\"elementor-element elementor-element-124b988 elementor-widget elementor-widget-heading\" data-id=\"124b988\" data-element_type=\"widget\" data-widget_type=\"heading.default\">\n\t\t\t\t<div class=\"elementor-widget-container\">\n\t\t\t\t\t<h2 class=\"elementor-heading-title elementor-size-default\">Residential cleaning service <\/h2>\t\t\t\t<\/div>\n\t\t\t\t<\/div>\n\t\t\t\t<div class=\"elementor-element elementor-element-de68298 elementor-widget elementor-widget-text-editor\" data-id=\"de68298\" data-element_type=\"widget\" data-widget_type=\"text-editor.default\">\n\t\t\t\t<div class=\"elementor-widget-container\">\n\t\t\t\t\t\t\t\t\t<div class=\"elementor-element elementor-element-ba141ea elementor-position-top elementor-vertical-align-top elementor-widget elementor-widget-image-box\" data-id=\"ba141ea\" data-element_type=\"widget\" data-widget_type=\"image-box.default\"><div class=\"elementor-widget-container\"><div class=\"elementor-image-box-wrapper\"><div class=\"elementor-image-box-content\"><p class=\"elementor-image-box-description\">Residential cleaning based on your cleaning preferences of desired frequency for house cleaning<\/p><\/div><\/div><\/div><\/div>\t\t\t\t\t\t\t\t<\/div>\n\t\t\t\t<\/div>\n\t\t\t\t<div class=\"elementor-element elementor-element-8a02e68 elementor-align-center elementor-widget elementor-widget-button\" data-id=\"8a02e68\" data-element_type=\"widget\" data-widget_type=\"button.default\">\n\t\t\t\t<div class=\"elementor-widget-container\">\n\t\t\t\t\t\t\t\t\t<div class=\"elementor-button-wrapper\">\n\t\t\t\t\t<a class=\"elementor-button elementor-button-link elementor-size-sm\" href=\"https:\/\/dnmenage.ca\/en\/service-de-menage-residentiel\/\">\n\t\t\t\t\t\t<span class=\"elementor-button-content-wrapper\">\n\t\t\t\t\t\t\t\t\t<span class=\"elementor-button-text\">Learn More<\/span>\n\t\t\t\t\t<\/span>\n\t\t\t\t\t<\/a>\n\t\t\t\t<\/div>\n\t\t\t\t\t\t\t\t<\/div>\n\t\t\t\t<\/div>\n\t\t\t\t\t<\/div>\n\t\t<\/div>\n\t\t\t\t<div class=\"elementor-column elementor-col-50 elementor-top-column elementor-element elementor-element-26fcf8e\" data-id=\"26fcf8e\" data-element_type=\"column\">\n\t\t\t<div class=\"elementor-widget-wrap elementor-element-populated\">\n\t\t\t\t\t\t<div class=\"elementor-element elementor-element-ff4cfca elementor-widget elementor-widget-image\" data-id=\"ff4cfca\" data-element_type=\"widget\" data-widget_type=\"image.default\">\n\t\t\t\t<div class=\"elementor-widget-container\">\n\t\t\t\t\t\t\t\t\t\t\t\t\t\t\t<img fetchpriority=\"high\" decoding=\"async\" width=\"1024\" height=\"682\" src=\"https:\/\/dnmenage.ca\/wp-content\/uploads\/2022\/02\/GetPaidStock.com-61fdb5dd0e0e9.jpg\" class=\"attachment-large size-large wp-image-986\" alt=\"\" srcset=\"https:\/\/dnmenage.ca\/wp-content\/uploads\/2022\/02\/GetPaidStock.com-61fdb5dd0e0e9.jpg 1024w, https:\/\/dnmenage.ca\/wp-content\/uploads\/2022\/02\/GetPaidStock.com-61fdb5dd0e0e9-300x200.jpg 300w, https:\/\/dnmenage.ca\/wp-content\/uploads\/2022\/02\/GetPaidStock.com-61fdb5dd0e0e9-768x512.jpg 768w\" sizes=\"(max-width: 1024px) 100vw, 1024px\" \/>\t\t\t\t\t\t\t\t\t\t\t\t\t\t\t<\/div>\n\t\t\t\t<\/div>\n\t\t\t\t\t<\/div>\n\t\t<\/div>\n\t\t\t\t\t<\/div>\n\t\t<\/section>\n\t\t\t\t<section class=\"elementor-section elementor-top-section elementor-element elementor-element-fd501f4 elementor-section-content-middle elementor-section-boxed elementor-section-height-default elementor-section-height-default\" data-id=\"fd501f4\" data-element_type=\"section\" data-settings=\"{&quot;background_background&quot;:&quot;classic&quot;}\">\n\t\t\t\t\t\t\t<div class=\"elementor-background-overlay\"><\/div>\n\t\t\t\t\t\t\t<div class=\"elementor-container elementor-column-gap-no\">\n\t\t\t\t\t<div class=\"elementor-column elementor-col-50 elementor-top-column elementor-element elementor-element-c40f9e7\" data-id=\"c40f9e7\" data-element_type=\"column\">\n\t\t\t<div class=\"elementor-widget-wrap elementor-element-populated\">\n\t\t\t\t\t\t<div class=\"elementor-element elementor-element-06aaa68 elementor-widget elementor-widget-image\" data-id=\"06aaa68\" data-element_type=\"widget\" data-widget_type=\"image.default\">\n\t\t\t\t<div class=\"elementor-widget-container\">\n\t\t\t\t\t\t\t\t\t\t\t\t\t\t\t<img decoding=\"async\" width=\"1024\" height=\"697\" src=\"https:\/\/dnmenage.ca\/wp-content\/uploads\/2022\/02\/GetPaidStock.com-61fda25578bcc.jpg\" class=\"attachment-large size-large wp-image-806\" alt=\"\" srcset=\"https:\/\/dnmenage.ca\/wp-content\/uploads\/2022\/02\/GetPaidStock.com-61fda25578bcc.jpg 1024w, https:\/\/dnmenage.ca\/wp-content\/uploads\/2022\/02\/GetPaidStock.com-61fda25578bcc-300x204.jpg 300w, https:\/\/dnmenage.ca\/wp-content\/uploads\/2022\/02\/GetPaidStock.com-61fda25578bcc-768x523.jpg 768w\" sizes=\"(max-width: 1024px) 100vw, 1024px\" \/>\t\t\t\t\t\t\t\t\t\t\t\t\t\t\t<\/div>\n\t\t\t\t<\/div>\n\t\t\t\t\t<\/div>\n\t\t<\/div>\n\t\t\t\t<div class=\"elementor-column elementor-col-50 elementor-top-column elementor-element elementor-element-b9169d8\" data-id=\"b9169d8\" data-element_type=\"column\">\n\t\t\t<div class=\"elementor-widget-wrap elementor-element-populated\">\n\t\t\t\t\t\t<div class=\"elementor-element elementor-element-b3d735e elementor-widget elementor-widget-heading\" data-id=\"b3d735e\" data-element_type=\"widget\" data-widget_type=\"heading.default\">\n\t\t\t\t<div class=\"elementor-widget-container\">\n\t\t\t\t\t<h2 class=\"elementor-heading-title elementor-size-default\">Commercial cleaning service<\/h2>\t\t\t\t<\/div>\n\t\t\t\t<\/div>\n\t\t\t\t<div class=\"elementor-element elementor-element-7eef86e elementor-widget elementor-widget-text-editor\" data-id=\"7eef86e\" data-element_type=\"widget\" data-widget_type=\"text-editor.default\">\n\t\t\t\t<div class=\"elementor-widget-container\">\n\t\t\t\t\t\t\t\t\t<div class=\"elementor-element elementor-element-7c7a6b0 elementor-position-top elementor-vertical-align-top elementor-widget elementor-widget-image-box\" data-id=\"7c7a6b0\" data-element_type=\"widget\" data-widget_type=\"image-box.default\"><div class=\"elementor-widget-container\"><div class=\"elementor-image-box-wrapper\"><div class=\"elementor-image-box-content\"><p class=\"elementor-image-box-description\">Our commercial cleaning crews are trained to organize your workspace and make it sparkle from head to toe.<\/p><\/div><\/div><\/div><\/div><div class=\"elementor-element elementor-element-874b8fb elementor-align-center elementor-widget elementor-widget-button\" data-id=\"874b8fb\" data-element_type=\"widget\" data-widget_type=\"button.default\"><div class=\"elementor-widget-container\"><div class=\"elementor-button-wrapper\">\u00a0<\/div><\/div><\/div>\t\t\t\t\t\t\t\t<\/div>\n\t\t\t\t<\/div>\n\t\t\t\t<div class=\"elementor-element elementor-element-82bc3a9 elementor-align-center elementor-widget elementor-widget-button\" data-id=\"82bc3a9\" data-element_type=\"widget\" data-widget_type=\"button.default\">\n\t\t\t\t<div class=\"elementor-widget-container\">\n\t\t\t\t\t\t\t\t\t<div class=\"elementor-button-wrapper\">\n\t\t\t\t\t<a class=\"elementor-button elementor-button-link elementor-size-sm\" href=\"https:\/\/dnmenage.ca\/en\/service-de-menage-commercial\/\">\n\t\t\t\t\t\t<span class=\"elementor-button-content-wrapper\">\n\t\t\t\t\t\t\t\t\t<span class=\"elementor-button-text\">Learn More<\/span>\n\t\t\t\t\t<\/span>\n\t\t\t\t\t<\/a>\n\t\t\t\t<\/div>\n\t\t\t\t\t\t\t\t<\/div>\n\t\t\t\t<\/div>\n\t\t\t\t\t<\/div>\n\t\t<\/div>\n\t\t\t\t\t<\/div>\n\t\t<\/section>\n\t\t\t\t<section class=\"elementor-section elementor-top-section elementor-element elementor-element-66f56bb elementor-section-content-middle elementor-reverse-mobile elementor-section-boxed elementor-section-height-default elementor-section-height-default\" data-id=\"66f56bb\" data-element_type=\"section\" data-settings=\"{&quot;background_background&quot;:&quot;classic&quot;}\">\n\t\t\t\t\t\t\t<div class=\"elementor-background-overlay\"><\/div>\n\t\t\t\t\t\t\t<div class=\"elementor-container elementor-column-gap-no\">\n\t\t\t\t\t<div class=\"elementor-column elementor-col-50 elementor-top-column elementor-element elementor-element-e20e2e2\" data-id=\"e20e2e2\" data-element_type=\"column\">\n\t\t\t<div class=\"elementor-widget-wrap elementor-element-populated\">\n\t\t\t\t\t\t<div class=\"elementor-element elementor-element-8553b00 elementor-widget elementor-widget-heading\" data-id=\"8553b00\" data-element_type=\"widget\" data-widget_type=\"heading.default\">\n\t\t\t\t<div class=\"elementor-widget-container\">\n\t\t\t\t\t<h2 class=\"elementor-heading-title elementor-size-default\">Big cleaning service<\/h2>\t\t\t\t<\/div>\n\t\t\t\t<\/div>\n\t\t\t\t<div class=\"elementor-element elementor-element-9876a3f elementor-widget elementor-widget-text-editor\" data-id=\"9876a3f\" data-element_type=\"widget\" data-widget_type=\"text-editor.default\">\n\t\t\t\t<div class=\"elementor-widget-container\">\n\t\t\t\t\t\t\t\t\t<p>With our housekeeping specialists, you benefit from deep cleaning and exceptional quality cleaning with affordable prices while respecting the environment.<\/p>\t\t\t\t\t\t\t\t<\/div>\n\t\t\t\t<\/div>\n\t\t\t\t<div class=\"elementor-element elementor-element-3aa675f elementor-align-center elementor-widget elementor-widget-button\" data-id=\"3aa675f\" data-element_type=\"widget\" data-widget_type=\"button.default\">\n\t\t\t\t<div class=\"elementor-widget-container\">\n\t\t\t\t\t\t\t\t\t<div class=\"elementor-button-wrapper\">\n\t\t\t\t\t<a class=\"elementor-button elementor-button-link elementor-size-sm\" href=\"https:\/\/dnmenage.ca\/en\/service-de-grand-menage\/\">\n\t\t\t\t\t\t<span class=\"elementor-button-content-wrapper\">\n\t\t\t\t\t\t\t\t\t<span class=\"elementor-button-text\">Learn More<\/span>\n\t\t\t\t\t<\/span>\n\t\t\t\t\t<\/a>\n\t\t\t\t<\/div>\n\t\t\t\t\t\t\t\t<\/div>\n\t\t\t\t<\/div>\n\t\t\t\t\t<\/div>\n\t\t<\/div>\n\t\t\t\t<div class=\"elementor-column elementor-col-50 elementor-top-column elementor-element elementor-element-0d4217c\" data-id=\"0d4217c\" data-element_type=\"column\">\n\t\t\t<div class=\"elementor-widget-wrap elementor-element-populated\">\n\t\t\t\t\t\t<div class=\"elementor-element elementor-element-ff6c670 elementor-widget elementor-widget-image\" data-id=\"ff6c670\" data-element_type=\"widget\" data-widget_type=\"image.default\">\n\t\t\t\t<div class=\"elementor-widget-container\">\n\t\t\t\t\t\t\t\t\t\t\t\t\t\t\t<img decoding=\"async\" width=\"1024\" height=\"682\" src=\"https:\/\/dnmenage.ca\/wp-content\/uploads\/2022\/02\/GetPaidStock.com-61fda3528581b.jpg\" class=\"attachment-large size-large wp-image-814\" alt=\"\" srcset=\"https:\/\/dnmenage.ca\/wp-content\/uploads\/2022\/02\/GetPaidStock.com-61fda3528581b.jpg 1024w, https:\/\/dnmenage.ca\/wp-content\/uploads\/2022\/02\/GetPaidStock.com-61fda3528581b-300x200.jpg 300w, https:\/\/dnmenage.ca\/wp-content\/uploads\/2022\/02\/GetPaidStock.com-61fda3528581b-768x512.jpg 768w\" sizes=\"(max-width: 1024px) 100vw, 1024px\" \/>\t\t\t\t\t\t\t\t\t\t\t\t\t\t\t<\/div>\n\t\t\t\t<\/div>\n\t\t\t\t\t<\/div>\n\t\t<\/div>\n\t\t\t\t\t<\/div>\n\t\t<\/section>\n\t\t\t\t<section class=\"elementor-section elementor-top-section elementor-element elementor-element-813df10 elementor-section-content-middle elementor-section-boxed elementor-section-height-default elementor-section-height-default\" data-id=\"813df10\" data-element_type=\"section\" data-settings=\"{&quot;background_background&quot;:&quot;classic&quot;}\">\n\t\t\t\t\t\t<div class=\"elementor-container elementor-column-gap-no\">\n\t\t\t\t\t<div class=\"elementor-column elementor-col-66 elementor-top-column elementor-element elementor-element-ecab4df\" data-id=\"ecab4df\" data-element_type=\"column\">\n\t\t\t<div class=\"elementor-widget-wrap elementor-element-populated\">\n\t\t\t\t\t\t<div class=\"elementor-element elementor-element-1e32fae elementor-widget elementor-widget-heading\" data-id=\"1e32fae\" data-element_type=\"widget\" data-widget_type=\"heading.default\">\n\t\t\t\t<div class=\"elementor-widget-container\">\n\t\t\t\t\t<h5 class=\"elementor-heading-title elementor-size-default\">FREE QUOTE AVAILABLE UPON REQUEST!\n<\/h5>\t\t\t\t<\/div>\n\t\t\t\t<\/div>\n\t\t\t\t\t<\/div>\n\t\t<\/div>\n\t\t\t\t<div class=\"elementor-column elementor-col-33 elementor-top-column elementor-element elementor-element-af7916b\" data-id=\"af7916b\" data-element_type=\"column\">\n\t\t\t<div class=\"elementor-widget-wrap elementor-element-populated\">\n\t\t\t\t\t\t<div class=\"elementor-element elementor-element-e7538aa elementor-tablet-align-center elementor-mobile-align-center elementor-align-center elementor-widget elementor-widget-button\" data-id=\"e7538aa\" data-element_type=\"widget\" data-widget_type=\"button.default\">\n\t\t\t\t<div class=\"elementor-widget-container\">\n\t\t\t\t\t\t\t\t\t<div class=\"elementor-button-wrapper\">\n\t\t\t\t\t<a class=\"elementor-button elementor-button-link elementor-size-sm elementor-animation-float\" href=\"https:\/\/dnmenage.ca\/en\/soumission\/\">\n\t\t\t\t\t\t<span class=\"elementor-button-content-wrapper\">\n\t\t\t\t\t\t\t\t\t<span class=\"elementor-button-text\">CONTACT US<\/span>\n\t\t\t\t\t<\/span>\n\t\t\t\t\t<\/a>\n\t\t\t\t<\/div>\n\t\t\t\t\t\t\t\t<\/div>\n\t\t\t\t<\/div>\n\t\t\t\t\t<\/div>\n\t\t<\/div>\n\t\t\t\t\t<\/div>\n\t\t<\/section>\n\t\t\t\t<\/div>","protected":false},"excerpt":{"rendered":"<p>Nos Services DN-M\u00e9nage est fi\u00e8re de vous offrir l\u2019un des services d\u2019entretien m\u00e9nager \u00e0 domicile les plus complets. Nos \u00e9quipes prennent en charge la propret\u00e9 de votre maison ou de votre condo des salles de bain \u00e0 la cuisine afin que votre seul souci soit de profiter pleinement de votre espace de vie. Service de &hellip;<\/p>\n<p class=\"read-more\"> <a class=\"\" href=\"https:\/\/dnmenage.ca\/en\/services\/\"> <span class=\"screen-reader-text\">Services<\/span> Read More &raquo;<\/a><\/p>","protected":false},"author":1,"featured_media":0,"parent":0,"menu_order":0,"comment_status":"closed","ping_status":"closed","template":"","meta":{"site-sidebar-layout":"no-sidebar","site-content-layout":"page-builder","ast-site-content-layout":"","site-content-style":"default","site-sidebar-style":"default","ast-global-header-display":"","ast-banner-title-visibility":"","ast-main-header-display":"","ast-hfb-above-header-display":"","ast-hfb-below-header-display":"","ast-hfb-mobile-header-display":"","site-post-title":"disabled","ast-breadcrumbs-content":"","ast-featured-img":"disabled","footer-sml-layout":"","theme-transparent-header-meta":"enabled","adv-header-id-meta":"","stick-header-meta":"","header-above-stick-meta":"","header-main-stick-meta":"","header-below-stick-meta":"","astra-migrate-meta-layouts":"","footnotes":""},"class_list":["post-6","page","type-page","status-publish","hentry"],"yoast_head":"<!-- This site is optimized with the Yoast SEO plugin v26.2 - https:\/\/yoast.com\/wordpress\/plugins\/seo\/ -->\n<title>Services - DN-M\u00e9nage<\/title>\n<meta name=\"robots\" content=\"index, follow, max-snippet:-1, max-image-preview:large, max-video-preview:-1\" \/>\n<link rel=\"canonical\" href=\"https:\/\/dnmenage.ca\/en\/services\/\" \/>\n<meta property=\"og:locale\" content=\"en_US\" \/>\n<meta property=\"og:type\" content=\"article\" \/>\n<meta property=\"og:title\" content=\"Services - DN-M\u00e9nage\" \/>\n<meta property=\"og:description\" content=\"Nos Services DN-M\u00e9nage est fi\u00e8re de vous offrir l\u2019un des services d\u2019entretien m\u00e9nager \u00e0 domicile les plus complets. Nos \u00e9quipes prennent en charge la propret\u00e9 de votre maison ou de votre condo des salles de bain \u00e0 la cuisine afin que votre seul souci soit de profiter pleinement de votre espace de vie. Service de &hellip; Services Read More &raquo;\" \/>\n<meta property=\"og:url\" content=\"https:\/\/dnmenage.ca\/en\/services\/\" \/>\n<meta property=\"og:site_name\" content=\"DN-M\u00e9nage\" \/>\n<meta property=\"article:modified_time\" content=\"2022-06-14T20:42:27+00:00\" \/>\n<meta property=\"og:image\" content=\"https:\/\/dnmenage.ca\/wp-content\/uploads\/2022\/02\/GetPaidStock.com-61fdb5dd0e0e9.jpg\" \/>\n<meta name=\"twitter:card\" content=\"summary_large_image\" \/>\n<meta name=\"twitter:label1\" content=\"Est. reading time\" \/>\n\t<meta name=\"twitter:data1\" content=\"2 minutes\" \/>\n<script type=\"application\/ld+json\" class=\"yoast-schema-graph\">{\"@context\":\"https:\/\/schema.org\",\"@graph\":[{\"@type\":\"WebPage\",\"@id\":\"https:\/\/dnmenage.ca\/services\/\",\"url\":\"https:\/\/dnmenage.ca\/services\/\",\"name\":\"Services - DN-M\u00e9nage\",\"isPartOf\":{\"@id\":\"https:\/\/dnmenage.ca\/#website\"},\"primaryImageOfPage\":{\"@id\":\"https:\/\/dnmenage.ca\/services\/#primaryimage\"},\"image\":{\"@id\":\"https:\/\/dnmenage.ca\/services\/#primaryimage\"},\"thumbnailUrl\":\"https:\/\/dnmenage.ca\/wp-content\/uploads\/2022\/02\/GetPaidStock.com-61fdb5dd0e0e9.jpg\",\"datePublished\":\"2018-11-27T09:17:28+00:00\",\"dateModified\":\"2022-06-14T20:42:27+00:00\",\"breadcrumb\":{\"@id\":\"https:\/\/dnmenage.ca\/services\/#breadcrumb\"},\"inLanguage\":\"en-US\",\"potentialAction\":[{\"@type\":\"ReadAction\",\"target\":[\"https:\/\/dnmenage.ca\/services\/\"]}]},{\"@type\":\"ImageObject\",\"inLanguage\":\"en-US\",\"@id\":\"https:\/\/dnmenage.ca\/services\/#primaryimage\",\"url\":\"https:\/\/dnmenage.ca\/wp-content\/uploads\/2022\/02\/GetPaidStock.com-61fdb5dd0e0e9.jpg\",\"contentUrl\":\"https:\/\/dnmenage.ca\/wp-content\/uploads\/2022\/02\/GetPaidStock.com-61fdb5dd0e0e9.jpg\"},{\"@type\":\"BreadcrumbList\",\"@id\":\"https:\/\/dnmenage.ca\/services\/#breadcrumb\",\"itemListElement\":[{\"@type\":\"ListItem\",\"position\":1,\"name\":\"Home\",\"item\":\"https:\/\/dnmenage.ca\/\"},{\"@type\":\"ListItem\",\"position\":2,\"name\":\"Services\"}]},{\"@type\":\"WebSite\",\"@id\":\"https:\/\/dnmenage.ca\/#website\",\"url\":\"https:\/\/dnmenage.ca\/\",\"name\":\"DN-M\u00e9nage\",\"description\":\"Dnmenage\",\"publisher\":{\"@id\":\"https:\/\/dnmenage.ca\/#organization\"},\"potentialAction\":[{\"@type\":\"SearchAction\",\"target\":{\"@type\":\"EntryPoint\",\"urlTemplate\":\"https:\/\/dnmenage.ca\/?s={search_term_string}\"},\"query-input\":{\"@type\":\"PropertyValueSpecification\",\"valueRequired\":true,\"valueName\":\"search_term_string\"}}],\"inLanguage\":\"en-US\"},{\"@type\":\"Organization\",\"@id\":\"https:\/\/dnmenage.ca\/#organization\",\"name\":\"DN-M\u00e9nage\",\"url\":\"https:\/\/dnmenage.ca\/\",\"logo\":{\"@type\":\"ImageObject\",\"inLanguage\":\"en-US\",\"@id\":\"https:\/\/dnmenage.ca\/#\/schema\/logo\/image\/\",\"url\":\"https:\/\/dnmenage.ca\/wp-content\/uploads\/2022\/02\/2crop-removebg-preview.png\",\"contentUrl\":\"https:\/\/dnmenage.ca\/wp-content\/uploads\/2022\/02\/2crop-removebg-preview.png\",\"width\":335,\"height\":89,\"caption\":\"DN-M\u00e9nage\"},\"image\":{\"@id\":\"https:\/\/dnmenage.ca\/#\/schema\/logo\/image\/\"}}]}<\/script>\n<!-- \/ Yoast SEO plugin. -->","yoast_head_json":{"title":"Services - DN-M\u00e9nage","robots":{"index":"index","follow":"follow","max-snippet":"max-snippet:-1","max-image-preview":"max-image-preview:large","max-video-preview":"max-video-preview:-1"},"canonical":"https:\/\/dnmenage.ca\/en\/services\/","og_locale":"en_US","og_type":"article","og_title":"Services - DN-M\u00e9nage","og_description":"Nos Services DN-M\u00e9nage est fi\u00e8re de vous offrir l\u2019un des services d\u2019entretien m\u00e9nager \u00e0 domicile les plus complets. Nos \u00e9quipes prennent en charge la propret\u00e9 de votre maison ou de votre condo des salles de bain \u00e0 la cuisine afin que votre seul souci soit de profiter pleinement de votre espace de vie. Service de &hellip; Services Read More &raquo;","og_url":"https:\/\/dnmenage.ca\/en\/services\/","og_site_name":"DN-M\u00e9nage","article_modified_time":"2022-06-14T20:42:27+00:00","og_image":[{"url":"https:\/\/dnmenage.ca\/wp-content\/uploads\/2022\/02\/GetPaidStock.com-61fdb5dd0e0e9.jpg","type":"","width":"","height":""}],"twitter_card":"summary_large_image","twitter_misc":{"Est. reading time":"2 minutes"},"schema":{"@context":"https:\/\/schema.org","@graph":[{"@type":"WebPage","@id":"https:\/\/dnmenage.ca\/services\/","url":"https:\/\/dnmenage.ca\/services\/","name":"Services - DN-M\u00e9nage","isPartOf":{"@id":"https:\/\/dnmenage.ca\/#website"},"primaryImageOfPage":{"@id":"https:\/\/dnmenage.ca\/services\/#primaryimage"},"image":{"@id":"https:\/\/dnmenage.ca\/services\/#primaryimage"},"thumbnailUrl":"https:\/\/dnmenage.ca\/wp-content\/uploads\/2022\/02\/GetPaidStock.com-61fdb5dd0e0e9.jpg","datePublished":"2018-11-27T09:17:28+00:00","dateModified":"2022-06-14T20:42:27+00:00","breadcrumb":{"@id":"https:\/\/dnmenage.ca\/services\/#breadcrumb"},"inLanguage":"en-US","potentialAction":[{"@type":"ReadAction","target":["https:\/\/dnmenage.ca\/services\/"]}]},{"@type":"ImageObject","inLanguage":"en-US","@id":"https:\/\/dnmenage.ca\/services\/#primaryimage","url":"https:\/\/dnmenage.ca\/wp-content\/uploads\/2022\/02\/GetPaidStock.com-61fdb5dd0e0e9.jpg","contentUrl":"https:\/\/dnmenage.ca\/wp-content\/uploads\/2022\/02\/GetPaidStock.com-61fdb5dd0e0e9.jpg"},{"@type":"BreadcrumbList","@id":"https:\/\/dnmenage.ca\/services\/#breadcrumb","itemListElement":[{"@type":"ListItem","position":1,"name":"Home","item":"https:\/\/dnmenage.ca\/"},{"@type":"ListItem","position":2,"name":"Services"}]},{"@type":"WebSite","@id":"https:\/\/dnmenage.ca\/#website","url":"https:\/\/dnmenage.ca\/","name":"DN-M\u00e9nage","description":"Dnmenage","publisher":{"@id":"https:\/\/dnmenage.ca\/#organization"},"potentialAction":[{"@type":"SearchAction","target":{"@type":"EntryPoint","urlTemplate":"https:\/\/dnmenage.ca\/?s={search_term_string}"},"query-input":{"@type":"PropertyValueSpecification","valueRequired":true,"valueName":"search_term_string"}}],"inLanguage":"en-US"},{"@type":"Organization","@id":"https:\/\/dnmenage.ca\/#organization","name":"DN-M\u00e9nage","url":"https:\/\/dnmenage.ca\/","logo":{"@type":"ImageObject","inLanguage":"en-US","@id":"https:\/\/dnmenage.ca\/#\/schema\/logo\/image\/","url":"https:\/\/dnmenage.ca\/wp-content\/uploads\/2022\/02\/2crop-removebg-preview.png","contentUrl":"https:\/\/dnmenage.ca\/wp-content\/uploads\/2022\/02\/2crop-removebg-preview.png","width":335,"height":89,"caption":"DN-M\u00e9nage"},"image":{"@id":"https:\/\/dnmenage.ca\/#\/schema\/logo\/image\/"}}]}},"_links":{"self":[{"href":"https:\/\/dnmenage.ca\/en\/wp-json\/wp\/v2\/pages\/6","targetHints":{"allow":["GET"]}}],"collection":[{"href":"https:\/\/dnmenage.ca\/en\/wp-json\/wp\/v2\/pages"}],"about":[{"href":"https:\/\/dnmenage.ca\/en\/wp-json\/wp\/v2\/types\/page"}],"author":[{"embeddable":true,"href":"https:\/\/dnmenage.ca\/en\/wp-json\/wp\/v2\/users\/1"}],"replies":[{"embeddable":true,"href":"https:\/\/dnmenage.ca\/en\/wp-json\/wp\/v2\/comments?post=6"}],"version-history":[{"count":82,"href":"https:\/\/dnmenage.ca\/en\/wp-json\/wp\/v2\/pages\/6\/revisions"}],"predecessor-version":[{"id":1238,"href":"https:\/\/dnmenage.ca\/en\/wp-json\/wp\/v2\/pages\/6\/revisions\/1238"}],"wp:attachment":[{"href":"https:\/\/dnmenage.ca\/en\/wp-json\/wp\/v2\/media?parent=6"}],"curies":[{"name":"wp","href":"https:\/\/api.w.org\/{rel}","templated":true}]}}